{"id":7,"date":"2011-10-26T07:46:37","date_gmt":"2011-10-26T05:46:37","guid":{"rendered":"http:\/\/orient.sav.sk\/?page_id=7"},"modified":"2025-10-03T08:00:06","modified_gmt":"2025-10-03T07:00:06","slug":"staff","status":"publish","type":"page","link":"https:\/\/orient.sav.sk\/en\/staff\/","title":{"rendered":"Staff"},"content":{"rendered":"<p><strong>DIRECTOR<\/strong><br \/>\nMgr. Emanuel Be\u0161ka, PhD. &#8211; Arabic Studies<br \/>\nE-mail: <a href=\"mailto:Emanuel.Beska@savba.sk\">Emanuel.Beska@savba.sk<\/a><\/p>\n<p><strong>DEPUTY DIRECTOR<\/strong><br \/>\nMgr. Martina Buckov\u00e1, PhD. &#8211; Southeast Asian and Oceanic Studies<br \/>\nE-mail: <a href=\"mailto:martina.buckova@gmail.com\">martina.buckova@gmail.com<\/a><\/p>\n<p><strong>DEPUTY DIRECTOR<\/strong><br \/>\n<a title=\"Gabriel Pirick\u00fd\" href=\"https:\/\/orient.sav.sk\/en\/staff\/gabriel-piricky\/\">PhDr. Gabriel Pirick\u00fd, PhD.<\/a> &#8211; Arabic and Islamic Studies<br \/>\nE-mail: <a href=\"mailto:kaorpiri@savba.sk\">kaorpiri@savba.sk<\/a><\/p>\n<p><strong>CHAIRMAN OF THE SCIENTIFIC BOARD<\/strong><br \/>\nMgr. Martina Buckov\u00e1, PhD. &#8211; Southeast Asian and Oceanic Studies<br \/>\nE-mail: <a href=\"mailto:martina.buckova@gmail.com\">martina.buckova@gmail.com<\/a><\/p>\n<p><strong>SCIENTIFIC SECRETARY<\/strong><br \/>\nMgr. Silvester Trnovec, PhD \u2013 General history of Africa<br \/>\nE-mail: <a href=\"mailto:strnovec355@gmail.com\">strnovec355@gmail.com<\/a><\/p>\n<p><strong>SECRETARY<\/strong><br \/>\nGertr\u00fada Boly\u00f3ov\u00e1 &#8211; Secretary<br \/>\nE-mail: <a href=\"mailto:kaorpiri@savba.sk\">kaoreast@savba.sk<\/a><\/p>\n<p><strong>STAFF<\/strong><br \/>\nMgr. Katar\u00edna Be\u0161kov\u00e1, PhD. \u2013 Arabic Studies<br \/>\nE-mail: <a href=\"mailto:kkobzosova@gmail.com\">kkobzosova@gmail.com<\/a><\/p>\n<p>Mgr. Zolt\u00e1n Szabolcs Ginelli<br \/>\nE-mail: <a href=\"mailto:zginelli@gmail.com\">zginelli@gmail.com<\/a><\/p>\n<p>Mgr. Martina Herbst \u2013 Associate and Managing Editor<br \/>\nE-mail: <a href=\"mailto:aassom@savba.sk\">aassom@savba.sk<\/a><\/p>\n<p>Mgr. Zuzana Hritzov\u00e1, PhD. &#8211; Korean Studies<br \/>\nE-mail: <a href=\"mailto:zuzana.hritzova@savba.sk\">zuzana.hritzova@savba.sk<\/a><\/p>\n<p>Mgr. Jozef Hudec, PhD. \u2013 Egyptology<br \/>\nE-mail: <a href=\"mailto:kaorhudc@savba.sk\">kaorhudc@savba.sk<\/a><\/p>\n<p>Mgr. M\u00e1ria I\u0161tv\u00e1nov\u00e1, PhD. &#8211; Sinology<br \/>\nE-mail: <a href=\"mailto:kaormist@savba.sk\">kaormist@savba.sk<\/a><\/p>\n<p>Mgr.\u00a0\u015eilan\u00a0<span id=\"m_6026225591785811975DWT896\"><span id=\"m_6026225591785811975DWT916\">Jakab &#8211; PhD student<br \/>\nE-mail:\u00a0<a href=\"mailto:silanjakab@gmail.com\">silanjakab@gmail.com<\/a><\/span><\/span><\/p>\n<p>Mgr. Lucia Kubrick\u00e1 &#8211; Librarian<br \/>\nE-mail: <a href=\"mailto:kaorkniz@savba.sk\">kaorkniz@savba.sk<\/a><\/p>\n<p><a title=\"Du\u0161an MAGDOLEN\" href=\"https:\/\/orient.sav.sk\/en\/staff\/dusan-magdolen\/\">Mgr. Du\u0161an Magdolen, PhD.<\/a> &#8211; Egyptology<br \/>\nE-mail: <a href=\"mailto:kaorduma@savba.sk\">kaorduma@savba.sk<\/a><\/p>\n<p>Mgr. Pavel Mi\u0161ka\u0159\u00edk, PhD. &#8211;\u00a0<span class=\"HwtZe\" lang=\"en\"><span class=\"jCAhz ChMk0b\"><span class=\"ryNqvb\">African studies<\/span><\/span><\/span><br \/>\nE-mail:\u00a0<a href=\"mailto:p.miskarik@gmail.com\">p.miskarik@gmail.com<\/a><\/p>\n<div>Mgr. Mat\u00fa\u0161 Mura &#8211; PhD student<br \/>\nE-mail:\u00a0<a href=\"mailto:mura3@uniba.sk\">mura3@uniba.sk<\/a><\/div>\n<p>Mgr. Luk\u00e1\u0161 Petr\u00edk \u2013 PhD student<br \/>\nE-mail: <a href=\"mailto:luco@gmail.com\">luco@gmail.com<\/a><\/p>\n<p>Mgr. Zbyn\u011bk Tarant, PhD. &#8211; <span class=\"HwtZe\" lang=\"en\"><span class=\"jCAhz ChMk0b\"><span class=\"ryNqvb\">Hebraism<\/span><\/span><\/span><br \/>\nE-mail: <a href=\"mailto:ztarant@ff.zcu.cz\">ztarant@ff.zcu.cz<\/a><\/p>\n<p>Mgr. Veronika Vere\u0161ov\u00e1, PhD. \u2013 Egyptology<br \/>\nE-mail: <a href=\"mailto:veronika.dubcova@gmail.com\">veronika.dubcova@gmail.com<\/a><\/p>\n<p>Mgr. Daniela Zhang-Czir\u00e1kov\u00e1, PhD. &#8211; Chinese Studies<br \/>\nE-mail: <a href=\"mailto:danielazhang98@gmail.com\">danielazhang98@gmail.com<\/a><\/p>\n","protected":false},"excerpt":{"rendered":"<p>DIRECTOR Mgr. Emanuel Be\u0161ka, PhD. &#8211; Arabic Studies E-mail: Emanuel.Beska@savba.sk DEPUTY DIRECTOR Mgr. Martina Buckov\u00e1, PhD. &#8211; Southeast Asian and Oceanic Studies E-mail: martina.buckova@gmail.com DEPUTY DIRECTOR PhDr. Gabriel Pirick\u00fd, PhD. &#8211; Arabic and Islamic Studies E-mail: kaorpiri@savba.sk CHAIRMAN OF THE SCIENTIFIC BOARD Mgr. Martina Buckov\u00e1, PhD. &#8211; Southeast Asian and Oceanic Studies E-mail: martina.buckova@gmail.com SCIENTIFIC [&hellip;]<\/p>\n","protected":false},"author":1,"featured_media":0,"parent":0,"menu_order":4,"comment_status":"closed","ping_status":"closed","template":"","meta":{"_monsterinsights_skip_tracking":false,"_monsterinsights_sitenote_active":false,"_monsterinsights_sitenote_note":"","_monsterinsights_sitenote_category":0,"iawp_total_views":161,"footnotes":""},"class_list":["post-7","page","type-page","status-publish","hentry"],"_links":{"self":[{"href":"https:\/\/orient.sav.sk\/en\/wp-json\/wp\/v2\/pages\/7","targetHints":{"allow":["GET"]}}],"collection":[{"href":"https:\/\/orient.sav.sk\/en\/wp-json\/wp\/v2\/pages"}],"about":[{"href":"https:\/\/orient.sav.sk\/en\/wp-json\/wp\/v2\/types\/page"}],"author":[{"embeddable":true,"href":"https:\/\/orient.sav.sk\/en\/wp-json\/wp\/v2\/users\/1"}],"replies":[{"embeddable":true,"href":"https:\/\/orient.sav.sk\/en\/wp-json\/wp\/v2\/comments?post=7"}],"version-history":[{"count":16,"href":"https:\/\/orient.sav.sk\/en\/wp-json\/wp\/v2\/pages\/7\/revisions"}],"predecessor-version":[{"id":766,"href":"https:\/\/orient.sav.sk\/en\/wp-json\/wp\/v2\/pages\/7\/revisions\/766"}],"wp:attachment":[{"href":"https:\/\/orient.sav.sk\/en\/wp-json\/wp\/v2\/media?parent=7"}],"curies":[{"name":"wp","href":"https:\/\/api.w.org\/{rel}","templated":true}]}}