{"id":26,"date":"2011-10-27T21:19:12","date_gmt":"2011-10-27T19:19:12","guid":{"rendered":"http:\/\/orient.sav.sk\/?page_id=26"},"modified":"2021-12-29T18:07:11","modified_gmt":"2021-12-29T17:07:11","slug":"scientific-board","status":"publish","type":"page","link":"https:\/\/orient.sav.sk\/en\/scientific-board\/","title":{"rendered":"Scientific Board"},"content":{"rendered":"<p><strong>CHAIRMAN:<\/strong><\/p>\n<p>Mgr. Martina Buckov\u00e1, PhD.<\/p>\n<p>&nbsp;<\/p>\n<p><strong>MEMBERS:<\/strong><\/p>\n<p>Mgr. Emanuel Be\u0161ka, PhD.<\/p>\n<p>Mgr. Zuzana Ga\u017e\u00e1kov\u00e1, PhD.<\/p>\n<p>Mgr. Jozef Hudec, PhD.<\/p>\n<p>Doc. JUDr. Jozef Voz\u00e1r, PhD.<\/p>\n","protected":false},"excerpt":{"rendered":"<p>CHAIRMAN: Mgr. Martina Buckov\u00e1, PhD. &nbsp; MEMBERS: Mgr. Emanuel Be\u0161ka, PhD. Mgr. Zuzana Ga\u017e\u00e1kov\u00e1, PhD. Mgr. Jozef Hudec, PhD. Doc. JUDr. Jozef Voz\u00e1r, PhD.<\/p>\n","protected":false},"author":1,"featured_media":0,"parent":0,"menu_order":6,"comment_status":"closed","ping_status":"closed","template":"","meta":{"_monsterinsights_skip_tracking":false,"_monsterinsights_sitenote_active":false,"_monsterinsights_sitenote_note":"","_monsterinsights_sitenote_category":0,"iawp_total_views":105,"footnotes":""},"class_list":["post-26","page","type-page","status-publish","hentry"],"_links":{"self":[{"href":"https:\/\/orient.sav.sk\/en\/wp-json\/wp\/v2\/pages\/26","targetHints":{"allow":["GET"]}}],"collection":[{"href":"https:\/\/orient.sav.sk\/en\/wp-json\/wp\/v2\/pages"}],"about":[{"href":"https:\/\/orient.sav.sk\/en\/wp-json\/wp\/v2\/types\/page"}],"author":[{"embeddable":true,"href":"https:\/\/orient.sav.sk\/en\/wp-json\/wp\/v2\/users\/1"}],"replies":[{"embeddable":true,"href":"https:\/\/orient.sav.sk\/en\/wp-json\/wp\/v2\/comments?post=26"}],"version-history":[{"count":0,"href":"https:\/\/orient.sav.sk\/en\/wp-json\/wp\/v2\/pages\/26\/revisions"}],"wp:attachment":[{"href":"https:\/\/orient.sav.sk\/en\/wp-json\/wp\/v2\/media?parent=26"}],"curies":[{"name":"wp","href":"https:\/\/api.w.org\/{rel}","templated":true}]}}